{"id":7145,"date":"2022-12-21T19:48:38","date_gmt":"2022-12-21T17:48:38","guid":{"rendered":"https:\/\/baed.lt\/produktas\/minkstieji-audiniai-apie-implantus-prieangio-plastika-ir-keratinizuotu-audiniu-sukurimas-2023-10-06\/"},"modified":"2023-07-30T11:20:22","modified_gmt":"2023-07-30T08:20:22","slug":"minkstieji-audiniai-apie-implantus-prieangio-plastika-ir-keratinizuotu-audiniu-sukurimas-2023-10-06","status":"publish","type":"product","link":"https:\/\/baed.lt\/en\/produktas\/minkstieji-audiniai-apie-implantus-prieangio-plastika-ir-keratinizuotu-audiniu-sukurimas-2023-10-06\/","title":{"rendered":"Mink\u0161tieji audiniai apie implantus: prieangio plastika ir keratinizuot\u0173 audini\u0173 suk\u016brimas | 2023.10.13"},"content":{"rendered":"","protected":false},"excerpt":{"rendered":"","protected":false},"featured_media":0,"comment_status":"open","ping_status":"closed","template":"","meta":{"_price":"690","_stock":"0","_tribe_ticket_header":"","_tribe_default_ticket_provider":"","_tribe_ticket_capacity":"10","_ticket_start_date":"2022-12-21 19:45:21","_ticket_end_date":"2023-10-05 10:00:00","_tribe_ticket_show_description":"yes","_tribe_ticket_show_not_going":false,"_tribe_ticket_use_global_stock":"","_tribe_ticket_global_stock_level":"","_global_stock_mode":"undefined","_global_stock_cap":"","_tribe_rsvp_for_event":"","_tribe_ticket_going_count":"","_tribe_ticket_not_going_count":"","_tribe_tickets_list":"[]","_tribe_ticket_has_attendee_info_fields":false,"_tec_slr_enabled":"","_tec_slr_layout":""},"product_brand":[],"product_cat":[219],"product_tag":[],"class_list":{"0":"post-7145","1":"product","2":"type-product","3":"status-publish","5":"product_cat-uncategorized-lt","7":"first","8":"outofstock","9":"virtual","10":"taxable","11":"purchasable","12":"product-type-simple"},"_links":{"self":[{"href":"https:\/\/baed.lt\/en\/wp-json\/wp\/v2\/product\/7145","targetHints":{"allow":["GET"]}}],"collection":[{"href":"https:\/\/baed.lt\/en\/wp-json\/wp\/v2\/product"}],"about":[{"href":"https:\/\/baed.lt\/en\/wp-json\/wp\/v2\/types\/product"}],"replies":[{"embeddable":true,"href":"https:\/\/baed.lt\/en\/wp-json\/wp\/v2\/comments?post=7145"}],"version-history":[{"count":0,"href":"https:\/\/baed.lt\/en\/wp-json\/wp\/v2\/product\/7145\/revisions"}],"wp:attachment":[{"href":"https:\/\/baed.lt\/en\/wp-json\/wp\/v2\/media?parent=7145"}],"wp:term":[{"taxonomy":"product_brand","embeddable":true,"href":"https:\/\/baed.lt\/en\/wp-json\/wp\/v2\/product_brand?post=7145"},{"taxonomy":"product_cat","embeddable":true,"href":"https:\/\/baed.lt\/en\/wp-json\/wp\/v2\/product_cat?post=7145"},{"taxonomy":"product_tag","embeddable":true,"href":"https:\/\/baed.lt\/en\/wp-json\/wp\/v2\/product_tag?post=7145"}],"curies":[{"name":"wp","href":"https:\/\/api.w.org\/{rel}","templated":true}]}}